{"id":472,"date":"2015-05-13T10:20:22","date_gmt":"2015-05-13T10:20:22","guid":{"rendered":"http:\/\/fliptop.se\/maxi-hydraulik-2\/"},"modified":"2023-03-06T09:20:47","modified_gmt":"2023-03-06T08:20:47","slug":"maxi-hydraulik","status":"publish","type":"page","link":"https:\/\/fliptop.se\/de\/maxi-hydraulik\/","title":{"rendered":"Maxi Hydraulik"},"content":{"rendered":"<div class=\"wpb-content-wrapper\"><p>[vc_row css=&#8220;.vc_custom_1662990032744{background-color: #ffffff !important;}&#8220;][vc_column width=&#8220;1\/2&#8243;][vc_column_text]<\/p>\n<h1>Fliptop Maxi Hydraulik<\/h1>\n<p>Fliptop Maxi ist unser Hydrauliksystem, das sich von einer Seite \u00f6ffnet und vollst\u00e4ndig zum Beladen freigibt. Fliptop Maxi kann mit einem Hydraulikzylinder vorne oder hinten je nach Ihren W\u00fcnschen oder Platzverh\u00e4ltnissen betrieben werden. L\u00e4ngere Systeme sind sowohl mit vorderen als auch hinteren Zylindern ausgestattet.<\/p>\n<p>Kopfteile und L\u00e4ngsrohre sind aus verzinktem Stahl. Alle Gelenke sind mit Lagerbuchsen best\u00fcckt und die Gelenke unten haben Schmiernippel. Der Hydraulikzylinder ist im System enthalten, das Steuerventil jedoch nicht, da optional eine Reihe von Hydraulikkomponenten bestellt werden k\u00f6nnen, einschlie\u00dflich kompletter Hydraulikeinheiten mit Fernbedienung. Um ein Anziehen des Daches bei starkem Wind zu vermeiden, haben wir 2 hydraulische Verriegelungsl\u00f6sungen wie Zubeh\u00f6r, Lasthalteventile oder hydraulische Verriegelungskolben mit Sequenzventilen.<\/p>\n<p>Das System ben\u00f6tigt einen Hydraulikdruck von max 150 bar, der von der Anzahl der Zylinder und der L\u00e4nge abh\u00e4ngt.[\/vc_column_text][\/vc_column][vc_column width=&#8220;1\/2&#8243;][vc_video link=&#8220;https:\/\/player.vimeo.com\/video\/86003791?color=ffffff&#8220;][\/vc_column][\/vc_row][vc_row full_width=&#8220;stretch_row&#8220; css=&#8220;.vc_custom_1662984995419{background-color: #ededed !important;}&#8220;][vc_column]<div class=\"fancy_heading fancy_heading_icon\"><div class=\"fh-top\"><\/div><h2 class=\"title\">Bilder vom Fliptop Maxi- unsere hydraulische L\u00f6sung<\/h2><\/div>\n[\/vc_column][\/vc_row][vc_row full_width=&#8220;stretch_row&#8220; css=&#8220;.vc_custom_1662985002145{background-color: #ededed !important;}&#8220;][vc_column width=&#8220;1\/4&#8243;][\/vc_column][vc_column width=&#8220;1\/2&#8243;][vc_gallery interval=&#8220;3&#8243; images=&#8220;794,792,209,205,175,786,157,793,206,239,238,795&#8243; img_size=&#8220;800&#215;600&#8243; onclick=&#8220;&#8220;][\/vc_column][vc_column width=&#8220;1\/4&#8243;][\/vc_column][\/vc_row][vc_row full_width=&#8220;stretch_row&#8220; css=&#8220;.vc_custom_1663047897885{background-color: #ffffff !important;}&#8220;][vc_column]<div class=\"fancy_heading fancy_heading_icon\"><div class=\"fh-top\"><\/div><h2 class=\"title\">Das Fliptop System<\/h2><div class=\"inside\">Das Fliptop System besteht aus einer Stahlkonstruktion und einer LKW Plane<br \/>\nDie unterschiedlichen Ausf\u00fchrungen der Konstruktionen werden hier weiter erkl\u00e4rt. <\/div><\/div>\n[\/vc_column][\/vc_row][vc_row full_width=&#8220;stretch_row&#8220; css=&#8220;.vc_custom_1662990053108{background-color: #ffffff !important;}&#8220;][vc_column width=&#8220;5\/6&#8243;][vc_single_image image=&#8220;992&#8243; img_size=&#8220;1920-815&#8243; alignment=&#8220;center&#8220;][\/vc_column][vc_column width=&#8220;1\/6&#8243;][vc_column_text]<\/p>\n<h2 class=\"Textbody\">Systeme die k\u00fcrzer sind als 8 Meter ben\u00f6tigen keine Mittelstrebe<\/h2>\n<p>[\/vc_column_text][\/vc_column][\/vc_row][vc_row full_width=&#8220;stretch_row&#8220; css=&#8220;.vc_custom_1663047897885{background-color: #ffffff !important;}&#8220;][vc_column]<div class=\"fancy_heading fancy_heading_icon\"><div class=\"fh-top\"><\/div><h2 class=\"title\">Die Mittelstrebe - f\u00fcr l\u00e4ngere Systeme<\/h2><div class=\"inside\">Damit die Rohre in dem System nicht zusammenbrechen oder durchbiegen muss eine Mittelstrebe eingesetzt werden.<br \/>\nBei einer L\u00e4nge von 9 Metern wird eine einfache Mittelstrebe eingesetzt, die als eine zus\u00e4tzliche Auflage dient.<br \/>\nBei einer L\u00e4nge von 12 Metern eine Mittelstrebe eingesetzt, die mit den Rohren verschraubt ist.<\/div><\/div>\n[\/vc_column][\/vc_row][vc_row full_width=&#8220;stretch_row&#8220; css=&#8220;.vc_custom_1662990057043{background-color: #ffffff !important;}&#8220;][vc_column width=&#8220;5\/6&#8243;][vc_single_image image=&#8220;989&#8243; img_size=&#8220;1920-815&#8243; alignment=&#8220;center&#8220;][\/vc_column][vc_column width=&#8220;1\/6&#8243;][vc_column_text]<\/p>\n<h2 class=\"Textbody\">Mittelstrebe f\u00fcr Systeme zwischen 8-10 Meter<\/h2>\n<p>[\/vc_column_text][\/vc_column][\/vc_row][vc_row full_width=&#8220;stretch_row&#8220; css=&#8220;.vc_custom_1662990053108{background-color: #ffffff !important;}&#8220;][vc_column width=&#8220;5\/6&#8243;][vc_single_image image=&#8220;990&#8243; img_size=&#8220;1920-815&#8243; alignment=&#8220;center&#8220;][\/vc_column][vc_column width=&#8220;1\/6&#8243;][vc_column_text]<\/p>\n<h2 class=\"Textbody\">Mittelstrebe f\u00fcr Systeme die l\u00e4nger als 10 Meter sind<\/h2>\n<p>[\/vc_column_text][\/vc_column][\/vc_row][vc_row full_width=&#8220;stretch_row&#8220; css=&#8220;.vc_custom_1663048033558{background-color: #ededed !important;}&#8220;][vc_column]<div class=\"fancy_heading fancy_heading_icon\"><div class=\"fh-top\"><\/div><h2 class=\"title\">Wintersaison<\/h2><\/div>\n[\/vc_column][\/vc_row][vc_row full_width=&#8220;stretch_row&#8220; css=&#8220;.vc_custom_1663048041538{background-color: #ededed !important;}&#8220;][vc_column width=&#8220;5\/6&#8243;][vc_single_image image=&#8220;993&#8243; img_size=&#8220;1920-815&#8243; alignment=&#8220;center&#8220;][\/vc_column][vc_column width=&#8220;1\/6&#8243;][vc_column_text]<\/p>\n<h2 class=\"Textbody\">Ihr Fliptop System funktioniert im Winter genau so gut wie im Sommer, beachten Sie bitte, dass Eis und gr\u00f6ssere Schneemengen vor der Benutztung etfernt werden m\u00fcssen.<\/h2>\n<p>[\/vc_column_text][\/vc_column][\/vc_row][vc_row full_width=&#8220;stretch_row&#8220; css=&#8220;.vc_custom_1663049155118{background-color: #ffffff !important;}&#8220;][vc_column]<div class=\"fancy_heading fancy_heading_icon\"><div class=\"fh-top\"><\/div><h2 class=\"title\">Die einlagige Plane - perfekt f\u00fcr fast alles<\/h2><\/div>\n[\/vc_column][\/vc_row][vc_row full_width=&#8220;stretch_row&#8220; css=&#8220;.vc_custom_1663049160848{background-color: #ffffff !important;}&#8220;][vc_column width=&#8220;5\/6&#8243;][vc_single_image image=&#8220;995&#8243; img_size=&#8220;1920-815&#8243; alignment=&#8220;center&#8220;][\/vc_column][vc_column width=&#8220;1\/6&#8243;][vc_column_text]<\/p>\n<h2>Wir benutzen ein 680g\/m2 Plane die sehr\u00a0 strapazierf\u00e4hig und kr\u00e4ftig ist.<\/h2>\n<p class=\"Textbody\">Die einlagige Plane ist nahezu perfekt f\u00fcr alle Anwendungen ,Asphalt, Schotter, AbfallprodukteAgrarerzeugnisseund vieles mehr. Hier setzt nur die Fantasie grenzen.<\/p>\n<p>[\/vc_column_text][\/vc_column][\/vc_row][vc_row full_width=&#8220;stretch_row&#8220; css=&#8220;.vc_custom_1663049155118{background-color: #ffffff !important;}&#8220;][vc_column]<div class=\"fancy_heading fancy_heading_icon\"><div class=\"fh-top\"><\/div><h2 class=\"title\">Isolierte Plane - f\u00fcr temperaturempfindliche Arbeiten.<\/h2><\/div>\n[\/vc_column][\/vc_row][vc_row full_width=&#8220;stretch_row&#8220; css=&#8220;.vc_custom_1663049160848{background-color: #ffffff !important;}&#8220;][vc_column width=&#8220;5\/6&#8243;][vc_single_image image=&#8220;994&#8243; img_size=&#8220;1920-815&#8243; alignment=&#8220;center&#8220;][\/vc_column][vc_column width=&#8220;1\/6&#8243;][vc_column_text]Beim asfaltieren spielt Temperatur eine kritische Rolle. Mit unserem System haben Sie eine isolierte Plane zur Verf\u00fcgung\u00a0 mit Isolierungswerten bis zu 2,2U. Im Winter mehrere Stunden sp\u00e4ter asfaltieren &#8211; kein Problem!!<\/p>\n<p>Unsere isolierte Plane besteht aus 2 st 680g\/m2 T\u00fcchern mit 10 mm Polyester Stoff dazwischen. \u00a0[\/vc_column_text][\/vc_column][\/vc_row][vc_row full_width=&#8220;stretch_row&#8220; css=&#8220;.vc_custom_1663051955924{background-color: #2991d6 !important;}&#8220;][vc_column]<div class=\"infobox\" ><h3>Fakten zu den Fliptop Maxi<\/h3><div class=\"infobox_wrapper\"><span class=\"ib-desc\"><\/p>\n<ul>\n<li><span style=\"color: #ffffff;\">L\u00e4nge: bis zu 13,6 Meter<\/span><\/li>\n<li><span style=\"color: #ffffff;\">Breite: 2200-2600mm<\/span><\/li>\n<li><span style=\"color: #ffffff;\">Diskrete H\u00f6he<\/span><\/li>\n<li><span style=\"color: #ffffff;\">Warmgalvanisierte Giebel f\u00fcr eine lange Anwendungsdauer<\/span><\/li>\n<li><span style=\"color: #ffffff;\">Grosse Auswahl an Farben f\u00fcr die Plane aus unserem grossen Sortiment.<\/span><\/li>\n<li><span style=\"color: #ffffff;\">Die M\u00f6glichkeit auf eine isolierte Abdeckung<\/span><\/li>\n<\/ul>\n<p><\/span><\/div><\/div>\n[\/vc_column][\/vc_row][vc_row][vc_column width=&#8220;1\/3&#8243;][\/vc_column][vc_column width=&#8220;1\/3&#8243;][vc_column_text]<\/p>\n<h1 style=\"text-align: center;\">Download &amp; PDF<\/h1>\n<p>Weiter unten auf der Seite gibt es Broschyren, Montageinstruktionen, diverse Informationen und Lekt\u00fcren die ihnen helfen bei der Wahl von ihrem neuem Fliptop Maxi helfen k\u00f6nnen.<\/p>\n<p>&nbsp;<\/p>\n<h2 style=\"text-align: center;\"><strong><span style=\"color: #ff0000;\"><a href=\"https:\/\/fliptop.se\/wp-content\/uploads\/2015\/08\/Montageanvisning-Maxi-Svensk.pdf\" target=\"_blank\" rel=\"noopener noreferrer\"><img loading=\"lazy\" decoding=\"async\" class=\"alignnone wp-image-2219\" src=\"https:\/\/zabra.se\/wp-content\/uploads\/2022\/03\/pdf-150x150.png\" alt=\"\" width=\"31\" height=\"31\" \/><\/a><\/span><\/strong><span style=\"color: #3366ff;\"><a style=\"color: #3366ff;\" href=\"http:\/\/fliptop.se\/wp-content\/uploads\/2015\/08\/Montageanvisning-Maxi-Svensk.pdf\" target=\"_blank\" rel=\"noopener noreferrer\"><strong>Montageinstruktion Fliptop Maxi<\/strong><\/a><\/span><\/h2>\n<h2 style=\"text-align: center;\"><strong><span style=\"color: #ff0000;\"><a href=\"http:\/\/fliptop.se\/wp-content\/uploads\/2015\/05\/Fliptop-Maxi-SV.pdf\" target=\"_blank\" rel=\"noopener noreferrer\"><img loading=\"lazy\" decoding=\"async\" class=\"alignnone wp-image-2219\" src=\"https:\/\/zabra.se\/wp-content\/uploads\/2022\/03\/pdf-150x150.png\" alt=\"\" width=\"31\" height=\"31\" \/><\/a><\/span><\/strong><span style=\"color: #3366ff;\"><a style=\"color: #3366ff;\" href=\"http:\/\/fliptop.se\/wp-content\/uploads\/2015\/05\/Fliptop-Maxi-SV.pdf\" target=\"_blank\" rel=\"noopener noreferrer\"><strong>Fliptop Maxi Produktkatalog<\/strong><\/a><\/span><\/h2>\n<h2 style=\"text-align: center;\"><strong><span style=\"color: #ff0000;\"><a href=\"http:\/\/fliptop.se\/wp-content\/uploads\/2015\/05\/Fliptop-Hydraulik-SV3.pdf\" target=\"_blank\" rel=\"noopener noreferrer\"><img loading=\"lazy\" decoding=\"async\" class=\"alignnone wp-image-2219\" src=\"https:\/\/zabra.se\/wp-content\/uploads\/2022\/03\/pdf-150x150.png\" alt=\"\" width=\"31\" height=\"31\" \/><\/a><\/span><\/strong><span style=\"color: #3366ff;\"><a style=\"color: #3366ff;\" href=\"http:\/\/fliptop.se\/wp-content\/uploads\/2015\/05\/Fliptop-Hydraulik-SV3.pdf\" target=\"_blank\" rel=\"noopener noreferrer\"><strong>Fliptop Hydraulisches Zubeh\u00f6r<\/strong><\/a><\/span><\/h2>\n<p>[\/vc_column_text][\/vc_column][vc_column width=&#8220;1\/3&#8243;][\/vc_column][\/vc_row]<\/p>\n<\/div>","protected":false},"excerpt":{"rendered":"<p>[vc_row css=&#8220;.vc_custom_1662990032744{background-color: #ffffff !important;}&#8220;][vc_column width=&#8220;1\/2&#8243;][vc_column_text] Fliptop Maxi Hydraulik Fliptop Maxi ist unser Hydrauliksystem, das sich von einer Seite \u00f6ffnet und vollst\u00e4ndig zum Beladen freigibt. Fliptop Maxi<span class=\"excerpt-hellip\"> [\u2026]<\/span><\/p>\n","protected":false},"author":1,"featured_media":0,"parent":0,"menu_order":0,"comment_status":"open","ping_status":"open","template":"","meta":{"footnotes":""},"_links":{"self":[{"href":"https:\/\/fliptop.se\/de\/wp-json\/wp\/v2\/pages\/472"}],"collection":[{"href":"https:\/\/fliptop.se\/de\/wp-json\/wp\/v2\/pages"}],"about":[{"href":"https:\/\/fliptop.se\/de\/wp-json\/wp\/v2\/types\/page"}],"author":[{"embeddable":true,"href":"https:\/\/fliptop.se\/de\/wp-json\/wp\/v2\/users\/1"}],"replies":[{"embeddable":true,"href":"https:\/\/fliptop.se\/de\/wp-json\/wp\/v2\/comments?post=472"}],"version-history":[{"count":17,"href":"https:\/\/fliptop.se\/de\/wp-json\/wp\/v2\/pages\/472\/revisions"}],"predecessor-version":[{"id":1532,"href":"https:\/\/fliptop.se\/de\/wp-json\/wp\/v2\/pages\/472\/revisions\/1532"}],"wp:attachment":[{"href":"https:\/\/fliptop.se\/de\/wp-json\/wp\/v2\/media?parent=472"}],"curies":[{"name":"wp","href":"https:\/\/api.w.org\/{rel}","templated":true}]}}