{"id":497,"date":"2015-05-15T08:07:02","date_gmt":"2015-05-15T08:07:02","guid":{"rendered":"http:\/\/fliptop.se\/aterforsaljare-2\/"},"modified":"2026-04-02T08:06:42","modified_gmt":"2026-04-02T06:06:42","slug":"aterforsaljare","status":"publish","type":"page","link":"https:\/\/fliptop.se\/de\/aterforsaljare\/","title":{"rendered":"\u00c5terf\u00f6rs\u00e4ljare"},"content":{"rendered":"<div class=\"wpb-content-wrapper\"><p>[vc_row][vc_column width=&#8220;1\/2&#8243;][vc_column_text]<\/p>\n<p><strong>Finland<\/strong>: Suomi-Technik Oy<br \/>\nSaarentie 225<br \/>\n68100 Himanka<br \/>\nFinland<br \/>\n<i class=\"icon-phone\"><\/i> <a href=\"tel:+358449841635\">+358 44 9841635<\/a><br \/>\n<i class=\"icon-mail\"><\/i> <a href=\"mailto:marko.tapio@suomi-technik.fi\">marko.tapio@suomi-technik.fi<\/a><\/p>\n<p><strong>Norge<\/strong>: Robol AS<br \/>\nMaria Dehlis vei 40<br \/>\n1083 Haugestua<br \/>\nNorge<br \/>\n<i class=\"icon-link\"><\/i> <a href=\"https:\/\/www.robol.no\/\" target=\"_blank\" rel=\"noopener\">https:\/\/www.robol.no\/<\/a><\/p>\n<p><strong>Tyskland + Benelux<\/strong>: Cup Engineering<br \/>\nWatermunt 29<br \/>\n5931 TK Tegelen<br \/>\nNederl\u00e4nderna<br \/>\n<i class=\"icon-link\"><\/i> <a href=\"https:\/\/cupengineering.nl\/\" target=\"_blank\" rel=\"noopener\">https:\/\/cupengineering.nl\/<\/a><br \/>\n<i class=\"icon-phone\"><\/i> <a href=\"tel:+31622478130\">+31-(0)6-244 78 130<\/a><br \/>\n<i class=\"icon-print\"><\/i> +31-(0)84 749 7900<br \/>\n<i class=\"icon-mail\"><\/i> <a href=\"mailto:bartcup@cupengineering.nl\">bartcup@cupengineering.nl<\/a><br \/>\n<i class=\"icon-mail\"><\/i> <a href=\"mailto:bartcup@fliptop.eu\">bartcup@fliptop.eu<\/a><\/p>\n<p><strong>Frankrike<\/strong>: CIF Bennes<br \/>\nLa Claraie<br \/>\nBP 3 &#8211; 49270 Le Fuilet<br \/>\nFrankrike<br \/>\n<i class=\"icon-link\"><\/i> <a href=\"https:\/\/www.cif-bennes.com\/\" target=\"_blank\" rel=\"noopener\">https:\/\/www.cif-bennes.com\/<\/a><\/p>\n<p>[\/vc_column_text][\/vc_column][vc_column width=&#8220;1\/2&#8243;][vc_column_text]<\/p>\n<p><strong>Sverige<\/strong>: M\u00e5ler\u00e5s Mekaniska AB<br \/>\nIndustrigatan 1<br \/>\n38042 M\u00e5ler\u00e5s<br \/>\nSverige<br \/>\n<i class=\"icon-phone\"><\/i> <a href=\"tel:+46481314444\">+46 (0)481 31444<\/a><br \/>\n<i class=\"icon-print\"><\/i> +46 (0)481 31440<br \/>\n<i class=\"icon-link\"><\/i> <a href=\"https:\/\/www.fliptop.se\/\" target=\"_blank\" rel=\"noopener\">https:\/\/www.fliptop.se\/<\/a><\/p>\n<p>[\/vc_column_text][\/vc_column][\/vc_row]<\/p>\n<\/div>","protected":false},"excerpt":{"rendered":"<p>[vc_row][vc_column width=&#8220;1\/2&#8243;][vc_column_text] Finland: Suomi-Technik Oy Saarentie 225 68100 Himanka Finland +358 44 9841635 marko.tapio@suomi-technik.fi Norge: Robol AS Maria Dehlis vei 40 1083 Haugestua Norge https:\/\/www.robol.no\/ Tyskland<span class=\"excerpt-hellip\"> [\u2026]<\/span><\/p>\n","protected":false},"author":1,"featured_media":0,"parent":0,"menu_order":0,"comment_status":"open","ping_status":"open","template":"","meta":{"footnotes":""},"_links":{"self":[{"href":"https:\/\/fliptop.se\/de\/wp-json\/wp\/v2\/pages\/497"}],"collection":[{"href":"https:\/\/fliptop.se\/de\/wp-json\/wp\/v2\/pages"}],"about":[{"href":"https:\/\/fliptop.se\/de\/wp-json\/wp\/v2\/types\/page"}],"author":[{"embeddable":true,"href":"https:\/\/fliptop.se\/de\/wp-json\/wp\/v2\/users\/1"}],"replies":[{"embeddable":true,"href":"https:\/\/fliptop.se\/de\/wp-json\/wp\/v2\/comments?post=497"}],"version-history":[{"count":16,"href":"https:\/\/fliptop.se\/de\/wp-json\/wp\/v2\/pages\/497\/revisions"}],"predecessor-version":[{"id":1619,"href":"https:\/\/fliptop.se\/de\/wp-json\/wp\/v2\/pages\/497\/revisions\/1619"}],"wp:attachment":[{"href":"https:\/\/fliptop.se\/de\/wp-json\/wp\/v2\/media?parent=497"}],"curies":[{"name":"wp","href":"https:\/\/api.w.org\/{rel}","templated":true}]}}