{"id":501,"date":"2015-05-13T17:18:18","date_gmt":"2015-05-13T17:18:18","guid":{"rendered":"http:\/\/fliptop.se\/multi-hydraulik-2\/"},"modified":"2026-04-02T09:35:04","modified_gmt":"2026-04-02T07:35:04","slug":"multi-hydraulik","status":"publish","type":"page","link":"https:\/\/fliptop.se\/de\/multi-hydraulik\/","title":{"rendered":"Multi Hydraulik"},"content":{"rendered":"<div class=\"wpb-content-wrapper\"><p>[vc_row][vc_column width=&#8220;1\/2&#8243;][vc_column_text]<\/p>\n<h1>Fliptop Multi Hydraulik<\/h1>\n<div>Fliptop Multi Hydraulik \u00e4r v\u00e5rt system som \u00f6ppnar sig fr\u00e5n mitten ut till sidor, \u00f6ppning sker med en hydraulik cylinder, monterad fram eller bak.<\/div>\n<div>Vid l\u00e4ngre system monteras cylindrar b\u00e5de fram och bak. Cylindrar och strypback ventiler ing\u00e5r i systemet, men man\u00f6verventil best\u00e4lls separat. Vi har \u00e4ven kompletta hydraulaggregat med fj\u00e4rrstyrning som tillbeh\u00f6r. Hela systemet \u00e4r varmf\u00f6rzinkat och alla ledpunkter har lagerbussningar.<\/div>\n<p>[\/vc_column_text][\/vc_column][vc_column width=&#8220;1\/2&#8243;][vc_single_image image=&#8220;274&#8243; img_size=&#8220;full&#8220;][\/vc_column][\/vc_row][vc_row css=&#8220;.vc_custom_1431675369801{margin: 5px !important;}&#8220;][vc_column width=&#8220;1\/2&#8243;][vc_column_text]<\/p>\n<h3>Produktinformation (PDF)<\/h3>\n<p><a href=\"https:\/\/fliptop.se\/wp-content\/uploads\/2015\/05\/Fliptop-Hydraulik-SV1.pdf\" target=\"_blank\" rel=\"noopener\">FLIPTOP Multi Hydraulik Produktkatalog<\/a><\/p>\n<p><a href=\"https:\/\/fliptop.se\/wp-content\/uploads\/2015\/05\/Fliptop-Multi-Hydraulik-SV.pdf\" target=\"_blank\" rel=\"noopener\">FLIPTOP Hydraulik<\/a><\/p>\n<p><a href=\"https:\/\/fliptop.se\/wp-content\/uploads\/2015\/05\/Fliptop_Multi_Hydraulik_6m.pdf\" target=\"_blank\" rel=\"noopener\">FLIPTOP Multi Hydraulik 6m (smal\/Bred)<\/a><\/p>\n<p><a href=\"https:\/\/fliptop.se\/wp-content\/uploads\/2015\/05\/Fliptop_Multi_Hydraulik_7m.pdf\" target=\"_blank\" rel=\"noopener\">FLIPTOP Multi Hydraulik 7m (Smal\/Bred)<\/a><\/p>\n<p><a href=\"https:\/\/fliptop.se\/wp-content\/uploads\/2015\/05\/Fliptop_Multi_Hydraulik_9m.pdf\" target=\"_blank\" rel=\"noopener\">FLIPTOP Multi Hydraulik 9m (Smal\/Bred)<\/a><\/p>\n<p><a href=\"https:\/\/fliptop.se\/wp-content\/uploads\/2015\/05\/Fliptop_Multi_Hydraulik_Tillbehor.pdf\" target=\"_blank\" rel=\"noopener\">FLIPTOP Multi Hydraulik Tillbeh\u00f6r<\/a>[\/vc_column_text][\/vc_column][vc_column width=&#8220;1\/2&#8243;][\/vc_column][\/vc_row]<\/p>\n<\/div>","protected":false},"excerpt":{"rendered":"<p>[vc_row][vc_column width=&#8220;1\/2&#8243;][vc_column_text] Fliptop Multi Hydraulik Fliptop Multi Hydraulik \u00e4r v\u00e5rt system som \u00f6ppnar sig fr\u00e5n mitten ut till sidor, \u00f6ppning sker med en hydraulik cylinder, monterad<span class=\"excerpt-hellip\"> [\u2026]<\/span><\/p>\n","protected":false},"author":1,"featured_media":0,"parent":0,"menu_order":0,"comment_status":"open","ping_status":"open","template":"","meta":{"footnotes":""},"_links":{"self":[{"href":"https:\/\/fliptop.se\/de\/wp-json\/wp\/v2\/pages\/501"}],"collection":[{"href":"https:\/\/fliptop.se\/de\/wp-json\/wp\/v2\/pages"}],"about":[{"href":"https:\/\/fliptop.se\/de\/wp-json\/wp\/v2\/types\/page"}],"author":[{"embeddable":true,"href":"https:\/\/fliptop.se\/de\/wp-json\/wp\/v2\/users\/1"}],"replies":[{"embeddable":true,"href":"https:\/\/fliptop.se\/de\/wp-json\/wp\/v2\/comments?post=501"}],"version-history":[{"count":6,"href":"https:\/\/fliptop.se\/de\/wp-json\/wp\/v2\/pages\/501\/revisions"}],"predecessor-version":[{"id":1640,"href":"https:\/\/fliptop.se\/de\/wp-json\/wp\/v2\/pages\/501\/revisions\/1640"}],"wp:attachment":[{"href":"https:\/\/fliptop.se\/de\/wp-json\/wp\/v2\/media?parent=501"}],"curies":[{"name":"wp","href":"https:\/\/api.w.org\/{rel}","templated":true}]}}