{"id":503,"date":"2015-05-13T14:22:53","date_gmt":"2015-05-13T14:22:53","guid":{"rendered":"http:\/\/fliptop.se\/multi-manuell-2\/"},"modified":"2026-04-02T09:34:06","modified_gmt":"2026-04-02T07:34:06","slug":"multi-manuell","status":"publish","type":"page","link":"https:\/\/fliptop.se\/de\/multi-manuell\/","title":{"rendered":"Multi manuell"},"content":{"rendered":"<div class=\"wpb-content-wrapper\"><p>[vc_row][vc_column width=&#8220;1\/2&#8243;][vc_column_text]<\/p>\n<h1>Fliptop Multi Manuell<\/h1>\n<div>Fliptop Multi Manuell \u00e4r v\u00e5rt manuella system, som \u00f6ppnas fr\u00e5n mitten ut till h\u00f6ger och v\u00e4nster. Fliptop Multi Manuell man\u00f6veras med tv\u00e5 spakar, fram eller bak beroende p\u00e5 \u00f6nskem\u00e5l eller utrymme. Spakarnas l\u00e4ge \u00e4r justerbart vid montage. Fliptop Multi Manuell \u00e4r enkelt att \u00f6ppna, har ett l\u00e5gt pris och \u00e4r enkelt att montera.<\/div>\n<div><\/div>\n<div>Hela systemet \u00e4r tillverkat av galvat st\u00e5l. \u00d6ppnings spakarna har l\u00e5sl\u00e4ge i b\u00e5de \u00f6ppet och st\u00e4ngt l\u00e4ge. En dragvajer \u00e4r kopplad till l\u00e5sen som automatiskt \u00f6ppnar n\u00e4r dragvajern belastas. Alla ledpunkter \u00e4r lagrade med lagerbussningar.<\/div>\n<p>[\/vc_column_text][\/vc_column][vc_column width=&#8220;1\/2&#8243;][vc_single_image image=&#8220;258&#8243; img_size=&#8220;full&#8220;][\/vc_column][\/vc_row][vc_row][vc_column][\/vc_column][\/vc_row][vc_row][vc_column width=&#8220;1\/2&#8243;][vc_column_text]<\/p>\n<h3>Produktinformation (PDF)<\/h3>\n<p><a href=\"https:\/\/fliptop.se\/wp-content\/uploads\/2015\/05\/Fliptop_Multi_Manuell_6m2.pdf\" target=\"_blank\" rel=\"noopener\">FLIPTOP Multi Manuell upp till 6m (bred)<\/a><\/p>\n<p><a href=\"https:\/\/fliptop.se\/wp-content\/uploads\/2015\/05\/Fliptop_Multi_Manuell_6m.pdf\" target=\"_blank\" rel=\"noopener\">FLIPTOP Multi Manuell upp till 6m (Smal)<\/a><\/p>\n<p><a href=\"https:\/\/fliptop.se\/wp-content\/uploads\/2015\/05\/Fliptop_Multi_Manuell_Tillbehor.pdf\" target=\"_blank\" rel=\"noopener\">FLIPTOP Multi Manuell Tillbeh\u00f6r<\/a><\/p>\n<p><a href=\"https:\/\/fliptop.se\/wp-content\/uploads\/2015\/05\/Fliptop-Multi-Manuell-SV.pdf\" target=\"_blank\" rel=\"noopener\">FLIPTOP Multi Manuell Produktkatalog<\/a>[\/vc_column_text][\/vc_column][vc_column width=&#8220;1\/2&#8243;][\/vc_column][\/vc_row]<\/p>\n<\/div>","protected":false},"excerpt":{"rendered":"<p>[vc_row][vc_column width=&#8220;1\/2&#8243;][vc_column_text] Fliptop Multi Manuell Fliptop Multi Manuell \u00e4r v\u00e5rt manuella system, som \u00f6ppnas fr\u00e5n mitten ut till h\u00f6ger och v\u00e4nster. Fliptop Multi Manuell man\u00f6veras med<span class=\"excerpt-hellip\"> [\u2026]<\/span><\/p>\n","protected":false},"author":1,"featured_media":0,"parent":0,"menu_order":0,"comment_status":"open","ping_status":"open","template":"","meta":{"footnotes":""},"_links":{"self":[{"href":"https:\/\/fliptop.se\/de\/wp-json\/wp\/v2\/pages\/503"}],"collection":[{"href":"https:\/\/fliptop.se\/de\/wp-json\/wp\/v2\/pages"}],"about":[{"href":"https:\/\/fliptop.se\/de\/wp-json\/wp\/v2\/types\/page"}],"author":[{"embeddable":true,"href":"https:\/\/fliptop.se\/de\/wp-json\/wp\/v2\/users\/1"}],"replies":[{"embeddable":true,"href":"https:\/\/fliptop.se\/de\/wp-json\/wp\/v2\/comments?post=503"}],"version-history":[{"count":7,"href":"https:\/\/fliptop.se\/de\/wp-json\/wp\/v2\/pages\/503\/revisions"}],"predecessor-version":[{"id":1637,"href":"https:\/\/fliptop.se\/de\/wp-json\/wp\/v2\/pages\/503\/revisions\/1637"}],"wp:attachment":[{"href":"https:\/\/fliptop.se\/de\/wp-json\/wp\/v2\/media?parent=503"}],"curies":[{"name":"wp","href":"https:\/\/api.w.org\/{rel}","templated":true}]}}