{"id":511,"date":"2014-09-22T08:49:09","date_gmt":"2014-09-22T08:49:09","guid":{"rendered":"http:\/\/fliptop.se\/om-oss-2\/"},"modified":"2023-03-06T10:19:10","modified_gmt":"2023-03-06T09:19:10","slug":"om-oss","status":"publish","type":"page","link":"https:\/\/fliptop.se\/de\/om-oss\/","title":{"rendered":"Om oss"},"content":{"rendered":"<h1>M\u00e5ler\u00e5s Mekaniska AB, an innovative manufacturing company<\/h1>\n<p class=\"text\" align=\"left\"><span class=\"jCAhz ChMk0b\"><span class=\"ryNqvb\">M\u00e5ler\u00e5s Mekaniska AB was established in 1979 in M\u00e5ler\u00e5s, Sm\u00e5land, by Bj\u00f6rn Johansson, who still runs the company today.<\/span><\/span> <span class=\"jCAhz ChMk0b\"><span class=\"ryNqvb\">Since the beginning, the business has been focused on the design, manufacture and sale of special machines for industry as well as canopy systems for heavy vehicles.<\/span><\/span> <span class=\"jCAhz ChMk0b\"><span class=\"ryNqvb\">Other areas of operation that have developed over the years are pool covers, pool houses and conservatories.<\/span><\/span> <span class=\"jCAhz ChMk0b\"><span class=\"ryNqvb\">M\u00e5ler\u00e5s Mekaniska also manufactures a roller trolley system with profiles and suspensions as well as a pallet and material handling system.<\/span><\/span> <span class=\"jCAhz ChMk0b\"><span class=\"ryNqvb\">The systems are flexible and can be expanded as new needs arise.<\/span><\/span> <span class=\"jCAhz ChMk0b\"><span class=\"ryNqvb\">The brands marketed, apart from M\u00e5ler\u00e5s Mekaniska, are Zabra and Fliptop.<\/span><\/span> <span class=\"jCAhz ChMk0b\"><span class=\"ryNqvb\">The company has been quality assured, ISO certified, for many years.<\/span><\/span><\/p>\n","protected":false},"excerpt":{"rendered":"<p>M\u00e5ler\u00e5s Mekaniska AB, an innovative manufacturing company M\u00e5ler\u00e5s Mekaniska AB was established in 1979 in M\u00e5ler\u00e5s, Sm\u00e5land, by Bj\u00f6rn Johansson, who still runs the company today.<span class=\"excerpt-hellip\"> [\u2026]<\/span><\/p>\n","protected":false},"author":1,"featured_media":0,"parent":0,"menu_order":0,"comment_status":"open","ping_status":"open","template":"","meta":{"footnotes":""},"_links":{"self":[{"href":"https:\/\/fliptop.se\/de\/wp-json\/wp\/v2\/pages\/511"}],"collection":[{"href":"https:\/\/fliptop.se\/de\/wp-json\/wp\/v2\/pages"}],"about":[{"href":"https:\/\/fliptop.se\/de\/wp-json\/wp\/v2\/types\/page"}],"author":[{"embeddable":true,"href":"https:\/\/fliptop.se\/de\/wp-json\/wp\/v2\/users\/1"}],"replies":[{"embeddable":true,"href":"https:\/\/fliptop.se\/de\/wp-json\/wp\/v2\/comments?post=511"}],"version-history":[{"count":6,"href":"https:\/\/fliptop.se\/de\/wp-json\/wp\/v2\/pages\/511\/revisions"}],"predecessor-version":[{"id":1552,"href":"https:\/\/fliptop.se\/de\/wp-json\/wp\/v2\/pages\/511\/revisions\/1552"}],"wp:attachment":[{"href":"https:\/\/fliptop.se\/de\/wp-json\/wp\/v2\/media?parent=511"}],"curies":[{"name":"wp","href":"https:\/\/api.w.org\/{rel}","templated":true}]}}